{"id":2752,"date":"2021-11-10T06:14:44","date_gmt":"2021-11-10T05:14:44","guid":{"rendered":"https:\/\/fleuridas-paysage.com\/blog\/?page_id=2752"},"modified":"2026-04-03T14:42:50","modified_gmt":"2026-04-03T12:42:50","slug":"videos-de-realisations","status":"publish","type":"page","link":"https:\/\/fleuridas-paysage.com\/blog\/videos-de-realisations\/","title":{"rendered":"Vid\u00e9os de r\u00e9alisations"},"content":{"rendered":"<p><iframe loading=\"lazy\" src=\"\/\/www.youtube.com\/embed\/1yiWc05z9U0?rel=0\" width=\"420\" height=\"315\" frameborder=\"0\" allowfullscreen=\"allowfullscreen\"><span data-mce-type=\"bookmark\" style=\"display: inline-block; width: 0px; overflow: hidden; line-height: 0;\" class=\"mce_SELRES_start\">\ufeff<\/span><\/iframe><\/p>\n<h2>Quelques cr\u00e9ations r\u00e9centes<\/h2>\n<p><iframe loading=\"lazy\" src=\"\/\/www.youtube.com\/embed\/c0c5GPyF0WI?list=UUI1874dmqO2TJS49FQfVD0A\" width=\"400\" height=\"225\" frameborder=\"0\" allowfullscreen=\"allowfullscreen\"><\/iframe><\/p>\n<h2><\/h2>\n<h2>Plans AutoCad<\/h2>\n<h2><iframe loading=\"lazy\" src=\"\/\/www.youtube.com\/embed\/jZP0tVGSPY8?rel=0\" width=\"560\" height=\"315\" frameborder=\"0\" allowfullscreen=\"allowfullscreen\"><\/iframe><\/h2>\n<h2>Pumptrack<\/h2>\n<p><iframe loading=\"lazy\" title=\"YouTube video player\" src=\"https:\/\/www.youtube.com\/embed\/PefXlPsAJgM?si=iiaILEz5YLb_H853\" width=\"560\" height=\"315\" frameborder=\"0\" allowfullscreen=\"allowfullscreen\"><\/iframe><\/p>\n<h2>Autres r\u00e9alisations publiques pour une client\u00e8le d&rsquo;institutionnels<\/h2>\n<p><iframe loading=\"lazy\" src=\"\/\/www.youtube.com\/embed\/dNBWqgLjN80?rel=0\" width=\"420\" height=\"315\" frameborder=\"0\" allowfullscreen=\"allowfullscreen\"><\/iframe><\/p>\n<h2>Murs d&rsquo;eau et bassins<\/h2>\n<p><iframe loading=\"lazy\" src=\"\/\/www.youtube.com\/embed\/PRjIpujJiPA?rel=0\" width=\"420\" height=\"315\" frameborder=\"0\" allowfullscreen=\"allowfullscreen\"><\/iframe><\/p>\n<h2>Jardin japonais avec plan d&rsquo;eau<\/h2>\n<p><iframe loading=\"lazy\" src=\"\/\/www.youtube.com\/embed\/diRJ6CLxwbE?rel=0\" width=\"420\" height=\"315\" frameborder=\"0\" allowfullscreen=\"allowfullscreen\"><\/iframe><\/p>\n<h2>Ambiances Spa et Piscine<\/h2>\n<p><iframe loading=\"lazy\" src=\"\/\/www.youtube.com\/embed\/Q6IHTgadWbk?rel=0\" width=\"420\" height=\"315\" frameborder=\"0\" allowfullscreen=\"allowfullscreen\"><\/iframe><\/p>\n<h2>Ambiances de jardins<\/h2>\n<p><iframe loading=\"lazy\" src=\"\/\/www.youtube.com\/embed\/lvhNlPy1dYo?rel=0\" width=\"420\" height=\"315\" frameborder=\"0\" allowfullscreen=\"allowfullscreen\"><\/iframe><\/p>\n<h2>Contact<\/h2>\n<p>Pour tout besoin d\u2019informations, conseil, devis, n\u2019h\u00e9sitez pas \u00e0\u00a0<a href=\"https:\/\/fleuridas-paysage.com\/blog\/contact-atelier-fleuridas-paysage\/\">nous contacter via la page d\u00e9di\u00e9e<\/a>\u00a0ou via\u00a0<a href=\"https:\/\/www.facebook.com\/Fleuridas.Architecte.Paysagiste\" target=\"_blank\" rel=\"noopener\">les r\u00e9seaux sociaux<\/a><\/p>\n","protected":false},"excerpt":{"rendered":"<p>\ufeff Quelques cr\u00e9ations r\u00e9centes Plans AutoCad Pumptrack Autres r\u00e9alisations publiques pour une client\u00e8le d&rsquo;institutionnels Murs d&rsquo;eau et bassins Jardin japonais avec plan d&rsquo;eau Ambiances Spa et Piscine Ambiances de jardins <span class=\"readmore\"><a href=\"https:\/\/fleuridas-paysage.com\/blog\/videos-de-realisations\/\">Read More &#8230;<\/a><\/span><\/p>\n","protected":false},"author":2,"featured_media":0,"parent":0,"menu_order":0,"comment_status":"closed","ping_status":"closed","template":"","meta":{"jetpack_post_was_ever_published":false,"footnotes":""},"class_list":["post-2752","page","type-page","status-publish","hentry"],"yoast_head":"<!-- This site is optimized with the Yoast SEO plugin v27.3 - https:\/\/yoast.com\/product\/yoast-seo-wordpress\/ -->\n<title>Vid\u00e9os de r\u00e9alisations - Atelier Fleuridas Paysage<\/title>\n<meta name=\"description\" content=\"Vous trouverez sur cette page quelques vid\u00e9os des r\u00e9alisations de l&#039;Atelier Fleuridas Paysage. N&#039;h\u00e9sitez pas \u00e0 nous contacter.\" \/>\n<meta name=\"robots\" content=\"index, follow, max-snippet:-1, max-image-preview:large, max-video-preview:-1\" \/>\n<link rel=\"canonical\" href=\"https:\/\/fleuridas-paysage.com\/blog\/videos-de-realisations\/\" \/>\n<meta property=\"og:locale\" content=\"fr_FR\" \/>\n<meta property=\"og:type\" content=\"article\" \/>\n<meta property=\"og:title\" content=\"Vid\u00e9os de r\u00e9alisations - Atelier Fleuridas Paysage\" \/>\n<meta property=\"og:description\" content=\"Vous trouverez sur cette page quelques vid\u00e9os des r\u00e9alisations de l&#039;Atelier Fleuridas Paysage. N&#039;h\u00e9sitez pas \u00e0 nous contacter.\" \/>\n<meta property=\"og:url\" content=\"https:\/\/fleuridas-paysage.com\/blog\/videos-de-realisations\/\" \/>\n<meta property=\"og:site_name\" content=\"Atelier Fleuridas Paysage\" \/>\n<meta property=\"article:modified_time\" content=\"2026-04-03T12:42:50+00:00\" \/>\n<meta name=\"twitter:card\" content=\"summary_large_image\" \/>\n<meta name=\"twitter:label1\" content=\"Dur\u00e9e de lecture estim\u00e9e\" \/>\n\t<meta name=\"twitter:data1\" content=\"1 minute\" \/>\n<script type=\"application\/ld+json\" class=\"yoast-schema-graph\">{\"@context\":\"https:\\\/\\\/schema.org\",\"@graph\":[{\"@type\":\"WebPage\",\"@id\":\"https:\\\/\\\/fleuridas-paysage.com\\\/blog\\\/videos-de-realisations\\\/\",\"url\":\"https:\\\/\\\/fleuridas-paysage.com\\\/blog\\\/videos-de-realisations\\\/\",\"name\":\"Vid\u00e9os de r\u00e9alisations - Atelier Fleuridas Paysage\",\"isPartOf\":{\"@id\":\"https:\\\/\\\/fleuridas-paysage.com\\\/blog\\\/#website\"},\"datePublished\":\"2021-11-10T05:14:44+00:00\",\"dateModified\":\"2026-04-03T12:42:50+00:00\",\"description\":\"Vous trouverez sur cette page quelques vid\u00e9os des r\u00e9alisations de l'Atelier Fleuridas Paysage. N'h\u00e9sitez pas \u00e0 nous contacter.\",\"breadcrumb\":{\"@id\":\"https:\\\/\\\/fleuridas-paysage.com\\\/blog\\\/videos-de-realisations\\\/#breadcrumb\"},\"inLanguage\":\"fr-FR\",\"potentialAction\":[{\"@type\":\"ReadAction\",\"target\":[\"https:\\\/\\\/fleuridas-paysage.com\\\/blog\\\/videos-de-realisations\\\/\"]}]},{\"@type\":\"BreadcrumbList\",\"@id\":\"https:\\\/\\\/fleuridas-paysage.com\\\/blog\\\/videos-de-realisations\\\/#breadcrumb\",\"itemListElement\":[{\"@type\":\"ListItem\",\"position\":1,\"name\":\"Accueil\",\"item\":\"https:\\\/\\\/fleuridas-paysage.com\\\/blog\\\/\"},{\"@type\":\"ListItem\",\"position\":2,\"name\":\"Vid\u00e9os de r\u00e9alisations\"}]},{\"@type\":\"WebSite\",\"@id\":\"https:\\\/\\\/fleuridas-paysage.com\\\/blog\\\/#website\",\"url\":\"https:\\\/\\\/fleuridas-paysage.com\\\/blog\\\/\",\"name\":\"Atelier Fleuridas Paysage\",\"description\":\"Paysagiste Conseil - Bureau d&#039;\u00e9tudes\",\"potentialAction\":[{\"@type\":\"SearchAction\",\"target\":{\"@type\":\"EntryPoint\",\"urlTemplate\":\"https:\\\/\\\/fleuridas-paysage.com\\\/blog\\\/?s={search_term_string}\"},\"query-input\":{\"@type\":\"PropertyValueSpecification\",\"valueRequired\":true,\"valueName\":\"search_term_string\"}}],\"inLanguage\":\"fr-FR\"}]}<\/script>\n<!-- \/ Yoast SEO plugin. -->","yoast_head_json":{"title":"Vid\u00e9os de r\u00e9alisations - Atelier Fleuridas Paysage","description":"Vous trouverez sur cette page quelques vid\u00e9os des r\u00e9alisations de l'Atelier Fleuridas Paysage. N'h\u00e9sitez pas \u00e0 nous contacter.","robots":{"index":"index","follow":"follow","max-snippet":"max-snippet:-1","max-image-preview":"max-image-preview:large","max-video-preview":"max-video-preview:-1"},"canonical":"https:\/\/fleuridas-paysage.com\/blog\/videos-de-realisations\/","og_locale":"fr_FR","og_type":"article","og_title":"Vid\u00e9os de r\u00e9alisations - Atelier Fleuridas Paysage","og_description":"Vous trouverez sur cette page quelques vid\u00e9os des r\u00e9alisations de l'Atelier Fleuridas Paysage. N'h\u00e9sitez pas \u00e0 nous contacter.","og_url":"https:\/\/fleuridas-paysage.com\/blog\/videos-de-realisations\/","og_site_name":"Atelier Fleuridas Paysage","article_modified_time":"2026-04-03T12:42:50+00:00","twitter_card":"summary_large_image","twitter_misc":{"Dur\u00e9e de lecture estim\u00e9e":"1 minute"},"schema":{"@context":"https:\/\/schema.org","@graph":[{"@type":"WebPage","@id":"https:\/\/fleuridas-paysage.com\/blog\/videos-de-realisations\/","url":"https:\/\/fleuridas-paysage.com\/blog\/videos-de-realisations\/","name":"Vid\u00e9os de r\u00e9alisations - Atelier Fleuridas Paysage","isPartOf":{"@id":"https:\/\/fleuridas-paysage.com\/blog\/#website"},"datePublished":"2021-11-10T05:14:44+00:00","dateModified":"2026-04-03T12:42:50+00:00","description":"Vous trouverez sur cette page quelques vid\u00e9os des r\u00e9alisations de l'Atelier Fleuridas Paysage. N'h\u00e9sitez pas \u00e0 nous contacter.","breadcrumb":{"@id":"https:\/\/fleuridas-paysage.com\/blog\/videos-de-realisations\/#breadcrumb"},"inLanguage":"fr-FR","potentialAction":[{"@type":"ReadAction","target":["https:\/\/fleuridas-paysage.com\/blog\/videos-de-realisations\/"]}]},{"@type":"BreadcrumbList","@id":"https:\/\/fleuridas-paysage.com\/blog\/videos-de-realisations\/#breadcrumb","itemListElement":[{"@type":"ListItem","position":1,"name":"Accueil","item":"https:\/\/fleuridas-paysage.com\/blog\/"},{"@type":"ListItem","position":2,"name":"Vid\u00e9os de r\u00e9alisations"}]},{"@type":"WebSite","@id":"https:\/\/fleuridas-paysage.com\/blog\/#website","url":"https:\/\/fleuridas-paysage.com\/blog\/","name":"Atelier Fleuridas Paysage","description":"Paysagiste Conseil - Bureau d&#039;\u00e9tudes","potentialAction":[{"@type":"SearchAction","target":{"@type":"EntryPoint","urlTemplate":"https:\/\/fleuridas-paysage.com\/blog\/?s={search_term_string}"},"query-input":{"@type":"PropertyValueSpecification","valueRequired":true,"valueName":"search_term_string"}}],"inLanguage":"fr-FR"}]}},"jetpack_shortlink":"https:\/\/wp.me\/P4nwz9-Io","jetpack-related-posts":[{"id":2758,"url":"https:\/\/fleuridas-paysage.com\/blog\/phographies\/","url_meta":{"origin":2752,"position":0},"title":"Photographies de r\u00e9alisations","author":"emmanuelle Menny Fleuridas","date":"10 novembre 2021","format":false,"excerpt":"Voici quelques photographies de r\u00e9alisations de jardins priv\u00e9s. Plus d'images sur Facebook \u00a0 Contact Pour tout besoin d\u2019informations, conseil, devis, n\u2019h\u00e9sitez pas \u00e0\u00a0nous contacter via la page d\u00e9di\u00e9e\u00a0ou via\u00a0les r\u00e9seaux sociaux \u00a0","rel":"","context":"Article similaire","block_context":{"text":"Article similaire","link":""},"img":{"alt_text":"Paysagiste conseil - Atelier Fleuridas Paysage","src":"https:\/\/i0.wp.com\/fleuridas-paysage.com\/blog\/wp-content\/uploads\/2017\/02\/spa-and-pool-35.jpg?resize=350%2C200","width":350,"height":200,"srcset":"https:\/\/i0.wp.com\/fleuridas-paysage.com\/blog\/wp-content\/uploads\/2017\/02\/spa-and-pool-35.jpg?resize=350%2C200 1x, https:\/\/i0.wp.com\/fleuridas-paysage.com\/blog\/wp-content\/uploads\/2017\/02\/spa-and-pool-35.jpg?resize=525%2C300 1.5x, https:\/\/i0.wp.com\/fleuridas-paysage.com\/blog\/wp-content\/uploads\/2017\/02\/spa-and-pool-35.jpg?resize=700%2C400 2x"},"classes":[]}],"jetpack_sharing_enabled":true,"jetpack_likes_enabled":true,"_links":{"self":[{"href":"https:\/\/fleuridas-paysage.com\/blog\/wp-json\/wp\/v2\/pages\/2752","targetHints":{"allow":["GET"]}}],"collection":[{"href":"https:\/\/fleuridas-paysage.com\/blog\/wp-json\/wp\/v2\/pages"}],"about":[{"href":"https:\/\/fleuridas-paysage.com\/blog\/wp-json\/wp\/v2\/types\/page"}],"author":[{"embeddable":true,"href":"https:\/\/fleuridas-paysage.com\/blog\/wp-json\/wp\/v2\/users\/2"}],"replies":[{"embeddable":true,"href":"https:\/\/fleuridas-paysage.com\/blog\/wp-json\/wp\/v2\/comments?post=2752"}],"version-history":[{"count":7,"href":"https:\/\/fleuridas-paysage.com\/blog\/wp-json\/wp\/v2\/pages\/2752\/revisions"}],"predecessor-version":[{"id":13531,"href":"https:\/\/fleuridas-paysage.com\/blog\/wp-json\/wp\/v2\/pages\/2752\/revisions\/13531"}],"wp:attachment":[{"href":"https:\/\/fleuridas-paysage.com\/blog\/wp-json\/wp\/v2\/media?parent=2752"}],"curies":[{"name":"wp","href":"https:\/\/api.w.org\/{rel}","templated":true}]}}