{"id":487,"date":"2017-01-24T11:08:58","date_gmt":"2017-01-24T10:08:58","guid":{"rendered":"http:\/\/fleuridas-paysage.com\/blog\/?page_id=487"},"modified":"2024-05-27T11:55:41","modified_gmt":"2024-05-27T09:55:41","slug":"contact-atelier-fleuridas-paysage","status":"publish","type":"page","link":"https:\/\/fleuridas-paysage.com\/blog\/contact-atelier-fleuridas-paysage\/","title":{"rendered":"Contact"},"content":{"rendered":"<p>Pour toute demande merci de contacter :<\/p>\n<p>Pascal Fleuridas &#8211; Architecte Paysagiste E.S.A.J. &#8211; Atelier Fleuridas Paysage<br \/>\n+33 (0)6 09 97 21 27<br \/>\n<a href=\"mailto:fleuridas@wanadoo.fr\">fleuridas@wanadoo.fr<\/a><\/p>\n<p>Si vous souhaitez nous contacter par email, merci d&rsquo;indiquer les informations suivantes pour que votre demande soit trait\u00e9e :<br \/>\nNom, T\u00e9l\u00e9phone, motif de votre demande (demande de devis, d&rsquo;informations compl\u00e9mentaires, requ\u00eate sur un chantier en cours, demande de partenariat)<br \/>\nA r\u00e9ception de votre courriel nous vous r\u00e9pondrons le plus vite possible.<br \/>\nSeules les demandes en fran\u00e7ais ou en anglais seront trait\u00e9es.<\/p>\n<p>If you would like to contact us by email, please provide your name, telephone number and the reason for your request.<br \/>\nYou will receive a response as soon as possible.<br \/>\nOnly requests in English or French are processed.<\/p>\n","protected":false},"excerpt":{"rendered":"<p>Pour toute demande merci de contacter : Pascal Fleuridas &#8211; Architecte Paysagiste E.S.A.J. &#8211; Atelier Fleuridas Paysage +33 (0)6 09 97 21 27 fleuridas@wanadoo.fr Si vous souhaitez nous contacter par <span class=\"readmore\"><a href=\"https:\/\/fleuridas-paysage.com\/blog\/contact-atelier-fleuridas-paysage\/\">Read More &#8230;<\/a><\/span><\/p>\n","protected":false},"author":1,"featured_media":0,"parent":0,"menu_order":0,"comment_status":"closed","ping_status":"closed","template":"","meta":{"jetpack_post_was_ever_published":false,"footnotes":""},"class_list":["post-487","page","type-page","status-publish","hentry"],"yoast_head":"<!-- This site is optimized with the Yoast SEO plugin v27.4 - https:\/\/yoast.com\/product\/yoast-seo-wordpress\/ -->\n<title>Contact - Atelier Fleuridas Paysage<\/title>\n<meta name=\"description\" content=\"Merci d&#039;envoyer un courriel, vous serez contact\u00e9 tr\u00e8s rapidement. Please send an email in French or English.\" \/>\n<meta name=\"robots\" content=\"index, follow, max-snippet:-1, max-image-preview:large, max-video-preview:-1\" \/>\n<link rel=\"canonical\" href=\"https:\/\/fleuridas-paysage.com\/blog\/contact-atelier-fleuridas-paysage\/\" \/>\n<meta property=\"og:locale\" content=\"fr_FR\" \/>\n<meta property=\"og:type\" content=\"article\" \/>\n<meta property=\"og:title\" content=\"Contact - Atelier Fleuridas Paysage\" \/>\n<meta property=\"og:description\" content=\"Merci d&#039;envoyer un courriel, vous serez contact\u00e9 tr\u00e8s rapidement. Please send an email in French or English.\" \/>\n<meta property=\"og:url\" content=\"https:\/\/fleuridas-paysage.com\/blog\/contact-atelier-fleuridas-paysage\/\" \/>\n<meta property=\"og:site_name\" content=\"Atelier Fleuridas Paysage\" \/>\n<meta property=\"article:modified_time\" content=\"2024-05-27T09:55:41+00:00\" \/>\n<meta name=\"twitter:card\" content=\"summary_large_image\" \/>\n<meta name=\"twitter:label1\" content=\"Dur\u00e9e de lecture estim\u00e9e\" \/>\n\t<meta name=\"twitter:data1\" content=\"1 minute\" \/>\n<script type=\"application\/ld+json\" class=\"yoast-schema-graph\">{\"@context\":\"https:\\\/\\\/schema.org\",\"@graph\":[{\"@type\":\"WebPage\",\"@id\":\"https:\\\/\\\/fleuridas-paysage.com\\\/blog\\\/contact-atelier-fleuridas-paysage\\\/\",\"url\":\"https:\\\/\\\/fleuridas-paysage.com\\\/blog\\\/contact-atelier-fleuridas-paysage\\\/\",\"name\":\"Contact - Atelier Fleuridas Paysage\",\"isPartOf\":{\"@id\":\"https:\\\/\\\/fleuridas-paysage.com\\\/blog\\\/#website\"},\"datePublished\":\"2017-01-24T10:08:58+00:00\",\"dateModified\":\"2024-05-27T09:55:41+00:00\",\"description\":\"Merci d'envoyer un courriel, vous serez contact\u00e9 tr\u00e8s rapidement. Please send an email in French or English.\",\"breadcrumb\":{\"@id\":\"https:\\\/\\\/fleuridas-paysage.com\\\/blog\\\/contact-atelier-fleuridas-paysage\\\/#breadcrumb\"},\"inLanguage\":\"fr-FR\",\"potentialAction\":[{\"@type\":\"ReadAction\",\"target\":[\"https:\\\/\\\/fleuridas-paysage.com\\\/blog\\\/contact-atelier-fleuridas-paysage\\\/\"]}]},{\"@type\":\"BreadcrumbList\",\"@id\":\"https:\\\/\\\/fleuridas-paysage.com\\\/blog\\\/contact-atelier-fleuridas-paysage\\\/#breadcrumb\",\"itemListElement\":[{\"@type\":\"ListItem\",\"position\":1,\"name\":\"Accueil\",\"item\":\"https:\\\/\\\/fleuridas-paysage.com\\\/blog\\\/\"},{\"@type\":\"ListItem\",\"position\":2,\"name\":\"Contact\"}]},{\"@type\":\"WebSite\",\"@id\":\"https:\\\/\\\/fleuridas-paysage.com\\\/blog\\\/#website\",\"url\":\"https:\\\/\\\/fleuridas-paysage.com\\\/blog\\\/\",\"name\":\"Atelier Fleuridas Paysage\",\"description\":\"Paysagiste Conseil - Bureau d&#039;\u00e9tudes\",\"potentialAction\":[{\"@type\":\"SearchAction\",\"target\":{\"@type\":\"EntryPoint\",\"urlTemplate\":\"https:\\\/\\\/fleuridas-paysage.com\\\/blog\\\/?s={search_term_string}\"},\"query-input\":{\"@type\":\"PropertyValueSpecification\",\"valueRequired\":true,\"valueName\":\"search_term_string\"}}],\"inLanguage\":\"fr-FR\"}]}<\/script>\n<!-- \/ Yoast SEO plugin. -->","yoast_head_json":{"title":"Contact - Atelier Fleuridas Paysage","description":"Merci d'envoyer un courriel, vous serez contact\u00e9 tr\u00e8s rapidement. Please send an email in French or English.","robots":{"index":"index","follow":"follow","max-snippet":"max-snippet:-1","max-image-preview":"max-image-preview:large","max-video-preview":"max-video-preview:-1"},"canonical":"https:\/\/fleuridas-paysage.com\/blog\/contact-atelier-fleuridas-paysage\/","og_locale":"fr_FR","og_type":"article","og_title":"Contact - Atelier Fleuridas Paysage","og_description":"Merci d'envoyer un courriel, vous serez contact\u00e9 tr\u00e8s rapidement. Please send an email in French or English.","og_url":"https:\/\/fleuridas-paysage.com\/blog\/contact-atelier-fleuridas-paysage\/","og_site_name":"Atelier Fleuridas Paysage","article_modified_time":"2024-05-27T09:55:41+00:00","twitter_card":"summary_large_image","twitter_misc":{"Dur\u00e9e de lecture estim\u00e9e":"1 minute"},"schema":{"@context":"https:\/\/schema.org","@graph":[{"@type":"WebPage","@id":"https:\/\/fleuridas-paysage.com\/blog\/contact-atelier-fleuridas-paysage\/","url":"https:\/\/fleuridas-paysage.com\/blog\/contact-atelier-fleuridas-paysage\/","name":"Contact - Atelier Fleuridas Paysage","isPartOf":{"@id":"https:\/\/fleuridas-paysage.com\/blog\/#website"},"datePublished":"2017-01-24T10:08:58+00:00","dateModified":"2024-05-27T09:55:41+00:00","description":"Merci d'envoyer un courriel, vous serez contact\u00e9 tr\u00e8s rapidement. Please send an email in French or English.","breadcrumb":{"@id":"https:\/\/fleuridas-paysage.com\/blog\/contact-atelier-fleuridas-paysage\/#breadcrumb"},"inLanguage":"fr-FR","potentialAction":[{"@type":"ReadAction","target":["https:\/\/fleuridas-paysage.com\/blog\/contact-atelier-fleuridas-paysage\/"]}]},{"@type":"BreadcrumbList","@id":"https:\/\/fleuridas-paysage.com\/blog\/contact-atelier-fleuridas-paysage\/#breadcrumb","itemListElement":[{"@type":"ListItem","position":1,"name":"Accueil","item":"https:\/\/fleuridas-paysage.com\/blog\/"},{"@type":"ListItem","position":2,"name":"Contact"}]},{"@type":"WebSite","@id":"https:\/\/fleuridas-paysage.com\/blog\/#website","url":"https:\/\/fleuridas-paysage.com\/blog\/","name":"Atelier Fleuridas Paysage","description":"Paysagiste Conseil - Bureau d&#039;\u00e9tudes","potentialAction":[{"@type":"SearchAction","target":{"@type":"EntryPoint","urlTemplate":"https:\/\/fleuridas-paysage.com\/blog\/?s={search_term_string}"},"query-input":{"@type":"PropertyValueSpecification","valueRequired":true,"valueName":"search_term_string"}}],"inLanguage":"fr-FR"}]}},"jetpack_shortlink":"https:\/\/wp.me\/P4nwz9-7R","jetpack-related-posts":[{"id":17,"url":"https:\/\/fleuridas-paysage.com\/blog\/","url_meta":{"origin":487,"position":0},"title":"Paysagiste conseil &#8211; Bureau d&rsquo;\u00e9tudes","author":"Pascal Fleuridas","date":"13 f\u00e9vrier 2014","format":false,"excerpt":"L'atelier Fleuridas Paysage est un bureau d'\u00e9tudes de paysagiste conseil. Paysagiste conseil depuis 1986 Nous mettons tout en \u0153uvre pour satisfaire notre client\u00e8le compos\u00e9e: d\u2019institutionnels, de professionnels du secteur priv\u00e9 et de particuliers. Partenariats et domaines d'intervention En partenariat avec les collectivit\u00e9s locales, nous concevons des am\u00e9nagements d\u2019espaces publics (places,\u2026","rel":"","context":"Article similaire","block_context":{"text":"Article similaire","link":""},"img":{"alt_text":"Paysagiste conseil - Atelier Fleuridas Paysage","src":"https:\/\/i0.wp.com\/fleuridas-paysage.com\/blog\/wp-content\/uploads\/2017\/02\/spa-and-pool-35.jpg?resize=350%2C200","width":350,"height":200,"srcset":"https:\/\/i0.wp.com\/fleuridas-paysage.com\/blog\/wp-content\/uploads\/2017\/02\/spa-and-pool-35.jpg?resize=350%2C200 1x, https:\/\/i0.wp.com\/fleuridas-paysage.com\/blog\/wp-content\/uploads\/2017\/02\/spa-and-pool-35.jpg?resize=525%2C300 1.5x, https:\/\/i0.wp.com\/fleuridas-paysage.com\/blog\/wp-content\/uploads\/2017\/02\/spa-and-pool-35.jpg?resize=700%2C400 2x"},"classes":[]},{"id":2752,"url":"https:\/\/fleuridas-paysage.com\/blog\/videos-de-realisations\/","url_meta":{"origin":487,"position":1},"title":"Vid\u00e9os de r\u00e9alisations","author":"emmanuelle Menny Fleuridas","date":"10 novembre 2021","format":false,"excerpt":"\ufeff Quelques cr\u00e9ations r\u00e9centes Plans AutoCad Pumptrack Autres r\u00e9alisations publiques pour une client\u00e8le d'institutionnels Murs d'eau et bassins Jardin japonais avec plan d'eau Ambiances Spa et Piscine Ambiances de jardins Contact Pour tout besoin d\u2019informations, conseil, devis, n\u2019h\u00e9sitez pas \u00e0\u00a0nous contacter via la page d\u00e9di\u00e9e\u00a0ou via\u00a0les r\u00e9seaux sociaux","rel":"","context":"Article similaire","block_context":{"text":"Article similaire","link":""},"img":{"alt_text":"","src":"","width":0,"height":0},"classes":[]},{"id":2758,"url":"https:\/\/fleuridas-paysage.com\/blog\/phographies\/","url_meta":{"origin":487,"position":2},"title":"Photographies de r\u00e9alisations","author":"emmanuelle Menny Fleuridas","date":"10 novembre 2021","format":false,"excerpt":"Voici quelques photographies de r\u00e9alisations de jardins priv\u00e9s. Plus d'images sur Facebook \u00a0 Contact Pour tout besoin d\u2019informations, conseil, devis, n\u2019h\u00e9sitez pas \u00e0\u00a0nous contacter via la page d\u00e9di\u00e9e\u00a0ou via\u00a0les r\u00e9seaux sociaux \u00a0","rel":"","context":"Article similaire","block_context":{"text":"Article similaire","link":""},"img":{"alt_text":"Paysagiste conseil - Atelier Fleuridas Paysage","src":"https:\/\/i0.wp.com\/fleuridas-paysage.com\/blog\/wp-content\/uploads\/2017\/02\/spa-and-pool-35.jpg?resize=350%2C200","width":350,"height":200,"srcset":"https:\/\/i0.wp.com\/fleuridas-paysage.com\/blog\/wp-content\/uploads\/2017\/02\/spa-and-pool-35.jpg?resize=350%2C200 1x, https:\/\/i0.wp.com\/fleuridas-paysage.com\/blog\/wp-content\/uploads\/2017\/02\/spa-and-pool-35.jpg?resize=525%2C300 1.5x, https:\/\/i0.wp.com\/fleuridas-paysage.com\/blog\/wp-content\/uploads\/2017\/02\/spa-and-pool-35.jpg?resize=700%2C400 2x"},"classes":[]}],"jetpack_sharing_enabled":true,"jetpack_likes_enabled":true,"_links":{"self":[{"href":"https:\/\/fleuridas-paysage.com\/blog\/wp-json\/wp\/v2\/pages\/487","targetHints":{"allow":["GET"]}}],"collection":[{"href":"https:\/\/fleuridas-paysage.com\/blog\/wp-json\/wp\/v2\/pages"}],"about":[{"href":"https:\/\/fleuridas-paysage.com\/blog\/wp-json\/wp\/v2\/types\/page"}],"author":[{"embeddable":true,"href":"https:\/\/fleuridas-paysage.com\/blog\/wp-json\/wp\/v2\/users\/1"}],"replies":[{"embeddable":true,"href":"https:\/\/fleuridas-paysage.com\/blog\/wp-json\/wp\/v2\/comments?post=487"}],"version-history":[{"count":19,"href":"https:\/\/fleuridas-paysage.com\/blog\/wp-json\/wp\/v2\/pages\/487\/revisions"}],"predecessor-version":[{"id":13463,"href":"https:\/\/fleuridas-paysage.com\/blog\/wp-json\/wp\/v2\/pages\/487\/revisions\/13463"}],"wp:attachment":[{"href":"https:\/\/fleuridas-paysage.com\/blog\/wp-json\/wp\/v2\/media?parent=487"}],"curies":[{"name":"wp","href":"https:\/\/api.w.org\/{rel}","templated":true}]}}